{"id":1327,"date":"2016-05-26T05:28:20","date_gmt":"2016-05-26T05:28:20","guid":{"rendered":"http:\/\/demo.goodlayers.com\/infinite\/homepages\/bigcorp\/?page_id=1327"},"modified":"2023-01-19T20:22:06","modified_gmt":"2023-01-19T19:22:06","slug":"hem","status":"publish","type":"page","link":"https:\/\/palkabygg.se\/","title":{"rendered":"Homepage &#8211; Big Corp"},"content":{"rendered":"","protected":false},"excerpt":{"rendered":"","protected":false},"author":1,"featured_media":0,"parent":0,"menu_order":0,"comment_status":"closed","ping_status":"closed","template":"","meta":{"_themeisle_gutenberg_block_has_review":false,"footnotes":""},"class_list":["post-1327","page","type-page","status-publish","hentry"],"yoast_head":"<!-- This site is optimized with the Yoast SEO plugin v19.9 - https:\/\/yoast.com\/wordpress\/plugins\/seo\/ -->\n<title>Palka Bygg AB - Hem<\/title>\n<meta name=\"description\" content=\"\u00d6ver 12 \u00e5rs erfarenhet av byggbranschen V\u00e4lkomna till ett norm och v\u00e4rdeskapande byggbolag som verkar i Stockholm.\" \/>\n<meta name=\"robots\" content=\"index, follow, max-snippet:-1, max-image-preview:large, max-video-preview:-1\" \/>\n<link rel=\"canonical\" href=\"https:\/\/palkabygg.se\/\" \/>\n<meta property=\"og:locale\" content=\"pl_PL\" \/>\n<meta property=\"og:type\" content=\"article\" \/>\n<meta property=\"og:title\" content=\"Palka Bygg AB - Hem\" \/>\n<meta property=\"og:description\" content=\"\u00d6ver 12 \u00e5rs erfarenhet av byggbranschen V\u00e4lkomna till ett norm och v\u00e4rdeskapande byggbolag som verkar i Stockholm.\" \/>\n<meta property=\"og:url\" content=\"https:\/\/palkabygg.se\/\" \/>\n<meta property=\"og:site_name\" content=\"Palka Bygg AB\" \/>\n<meta property=\"article:publisher\" content=\"https:\/\/www.facebook.com\/palkabyggab\" \/>\n<meta property=\"article:modified_time\" content=\"2023-01-19T19:22:06+00:00\" \/>\n<meta name=\"twitter:card\" content=\"summary_large_image\" \/>\n<script type=\"application\/ld+json\" class=\"yoast-schema-graph\">{\"@context\":\"https:\/\/schema.org\",\"@graph\":[{\"@type\":\"WebPage\",\"@id\":\"https:\/\/palkabygg.se\/\",\"url\":\"https:\/\/palkabygg.se\/\",\"name\":\"Palka Bygg AB - Hem\",\"isPartOf\":{\"@id\":\"https:\/\/palkabygg.se\/#website\"},\"datePublished\":\"2016-05-26T05:28:20+00:00\",\"dateModified\":\"2023-01-19T19:22:06+00:00\",\"description\":\"\u00d6ver 12 \u00e5rs erfarenhet av byggbranschen V\u00e4lkomna till ett norm och v\u00e4rdeskapande byggbolag som verkar i Stockholm.\",\"breadcrumb\":{\"@id\":\"https:\/\/palkabygg.se\/#breadcrumb\"},\"inLanguage\":\"pl-PL\",\"potentialAction\":[{\"@type\":\"ReadAction\",\"target\":[\"https:\/\/palkabygg.se\/\"]}]},{\"@type\":\"BreadcrumbList\",\"@id\":\"https:\/\/palkabygg.se\/#breadcrumb\",\"itemListElement\":[{\"@type\":\"ListItem\",\"position\":1,\"name\":\"Strona g\u0142\u00f3wna\",\"item\":\"https:\/\/palkabygg.se\/\"},{\"@type\":\"ListItem\",\"position\":2,\"name\":\"Homepage &#8211; Big Corp\"}]},{\"@type\":\"WebSite\",\"@id\":\"https:\/\/palkabygg.se\/#website\",\"url\":\"https:\/\/palkabygg.se\/\",\"name\":\"Palka Bygg AB\",\"description\":\"\",\"publisher\":{\"@id\":\"https:\/\/palkabygg.se\/#organization\"},\"potentialAction\":[{\"@type\":\"SearchAction\",\"target\":{\"@type\":\"EntryPoint\",\"urlTemplate\":\"https:\/\/palkabygg.se\/?s={search_term_string}\"},\"query-input\":\"required name=search_term_string\"}],\"inLanguage\":\"pl-PL\"},{\"@type\":\"Organization\",\"@id\":\"https:\/\/palkabygg.se\/#organization\",\"name\":\"Palka Bygg AB\",\"url\":\"https:\/\/palkabygg.se\/\",\"logo\":{\"@type\":\"ImageObject\",\"inLanguage\":\"pl-PL\",\"@id\":\"https:\/\/palkabygg.se\/#\/schema\/logo\/image\/\",\"url\":\"https:\/\/palkabygg.se\/wp-content\/uploads\/2022\/10\/logo-pa_ka_mobile-1.png\",\"contentUrl\":\"https:\/\/palkabygg.se\/wp-content\/uploads\/2022\/10\/logo-pa_ka_mobile-1.png\",\"width\":80,\"height\":63,\"caption\":\"Palka Bygg AB\"},\"image\":{\"@id\":\"https:\/\/palkabygg.se\/#\/schema\/logo\/image\/\"},\"sameAs\":[\"https:\/\/www.facebook.com\/palkabyggab\"]}]}<\/script>\n<!-- \/ Yoast SEO plugin. -->","yoast_head_json":{"title":"Palka Bygg AB - Hem","description":"\u00d6ver 12 \u00e5rs erfarenhet av byggbranschen V\u00e4lkomna till ett norm och v\u00e4rdeskapande byggbolag som verkar i Stockholm.","robots":{"index":"index","follow":"follow","max-snippet":"max-snippet:-1","max-image-preview":"max-image-preview:large","max-video-preview":"max-video-preview:-1"},"canonical":"https:\/\/palkabygg.se\/","og_locale":"pl_PL","og_type":"article","og_title":"Palka Bygg AB - Hem","og_description":"\u00d6ver 12 \u00e5rs erfarenhet av byggbranschen V\u00e4lkomna till ett norm och v\u00e4rdeskapande byggbolag som verkar i Stockholm.","og_url":"https:\/\/palkabygg.se\/","og_site_name":"Palka Bygg AB","article_publisher":"https:\/\/www.facebook.com\/palkabyggab","article_modified_time":"2023-01-19T19:22:06+00:00","twitter_card":"summary_large_image","schema":{"@context":"https:\/\/schema.org","@graph":[{"@type":"WebPage","@id":"https:\/\/palkabygg.se\/","url":"https:\/\/palkabygg.se\/","name":"Palka Bygg AB - Hem","isPartOf":{"@id":"https:\/\/palkabygg.se\/#website"},"datePublished":"2016-05-26T05:28:20+00:00","dateModified":"2023-01-19T19:22:06+00:00","description":"\u00d6ver 12 \u00e5rs erfarenhet av byggbranschen V\u00e4lkomna till ett norm och v\u00e4rdeskapande byggbolag som verkar i Stockholm.","breadcrumb":{"@id":"https:\/\/palkabygg.se\/#breadcrumb"},"inLanguage":"pl-PL","potentialAction":[{"@type":"ReadAction","target":["https:\/\/palkabygg.se\/"]}]},{"@type":"BreadcrumbList","@id":"https:\/\/palkabygg.se\/#breadcrumb","itemListElement":[{"@type":"ListItem","position":1,"name":"Strona g\u0142\u00f3wna","item":"https:\/\/palkabygg.se\/"},{"@type":"ListItem","position":2,"name":"Homepage &#8211; Big Corp"}]},{"@type":"WebSite","@id":"https:\/\/palkabygg.se\/#website","url":"https:\/\/palkabygg.se\/","name":"Palka Bygg AB","description":"","publisher":{"@id":"https:\/\/palkabygg.se\/#organization"},"potentialAction":[{"@type":"SearchAction","target":{"@type":"EntryPoint","urlTemplate":"https:\/\/palkabygg.se\/?s={search_term_string}"},"query-input":"required name=search_term_string"}],"inLanguage":"pl-PL"},{"@type":"Organization","@id":"https:\/\/palkabygg.se\/#organization","name":"Palka Bygg AB","url":"https:\/\/palkabygg.se\/","logo":{"@type":"ImageObject","inLanguage":"pl-PL","@id":"https:\/\/palkabygg.se\/#\/schema\/logo\/image\/","url":"https:\/\/palkabygg.se\/wp-content\/uploads\/2022\/10\/logo-pa_ka_mobile-1.png","contentUrl":"https:\/\/palkabygg.se\/wp-content\/uploads\/2022\/10\/logo-pa_ka_mobile-1.png","width":80,"height":63,"caption":"Palka Bygg AB"},"image":{"@id":"https:\/\/palkabygg.se\/#\/schema\/logo\/image\/"},"sameAs":["https:\/\/www.facebook.com\/palkabyggab"]}]}},"_links":{"self":[{"href":"https:\/\/palkabygg.se\/index.php?rest_route=\/wp\/v2\/pages\/1327","targetHints":{"allow":["GET"]}}],"collection":[{"href":"https:\/\/palkabygg.se\/index.php?rest_route=\/wp\/v2\/pages"}],"about":[{"href":"https:\/\/palkabygg.se\/index.php?rest_route=\/wp\/v2\/types\/page"}],"author":[{"embeddable":true,"href":"https:\/\/palkabygg.se\/index.php?rest_route=\/wp\/v2\/users\/1"}],"replies":[{"embeddable":true,"href":"https:\/\/palkabygg.se\/index.php?rest_route=%2Fwp%2Fv2%2Fcomments&post=1327"}],"version-history":[{"count":5,"href":"https:\/\/palkabygg.se\/index.php?rest_route=\/wp\/v2\/pages\/1327\/revisions"}],"predecessor-version":[{"id":1703,"href":"https:\/\/palkabygg.se\/index.php?rest_route=\/wp\/v2\/pages\/1327\/revisions\/1703"}],"wp:attachment":[{"href":"https:\/\/palkabygg.se\/index.php?rest_route=%2Fwp%2Fv2%2Fmedia&parent=1327"}],"curies":[{"name":"wp","href":"https:\/\/api.w.org\/{rel}","templated":true}]}}